{"id":20821,"date":"2021-01-24T11:51:03","date_gmt":"2021-01-24T11:51:03","guid":{"rendered":"https:\/\/netyco.com\/internacional\/?page_id=20821"},"modified":"2021-01-28T23:18:01","modified_gmt":"2021-01-28T23:18:01","slug":"streaming-gratis","status":"publish","type":"page","link":"https:\/\/netyco.com\/es-cl\/streaming-gratis\/","title":{"rendered":"Streaming Gratis"},"content":{"rendered":"<div data-elementor-type=\"wp-page\" data-elementor-id=\"20821\" class=\"elementor elementor-20821\" data-elementor-settings=\"[]\">\n\t\t\t\t\t\t<div class=\"elementor-inner\">\n\t\t\t\t\t\t\t<div class=\"elementor-section-wrap\">\n\t\t\t\t\t\t\t<section class=\"elementor-section elementor-top-section elementor-element elementor-element-8f2a4aa elementor-section-boxed elementor-section-height-default elementor-section-height-default\" data-id=\"8f2a4aa\" data-element_type=\"section\">\n\t\t\t\t\t\t<div class=\"elementor-container elementor-column-gap-default\">\n\t\t\t\t\t\t\t<div class=\"elementor-row\">\n\t\t\t\t\t<div class=\"elementor-column elementor-col-100 elementor-top-column elementor-element elementor-element-aa15fd4\" data-id=\"aa15fd4\" data-element_type=\"column\">\n\t\t\t<div class=\"elementor-column-wrap elementor-element-populated\">\n\t\t\t\t\t\t\t<div class=\"elementor-widget-wrap\">\n\t\t\t\t\t\t<div class=\"elementor-element elementor-element-b1dfe9a elementor-widget elementor-widget-spacer\" data-id=\"b1dfe9a\" data-element_type=\"widget\" data-widget_type=\"spacer.default\">\n\t\t\t\t<div class=\"elementor-widget-container\">\n\t\t\t\t\t<div class=\"elementor-spacer\">\n\t\t\t<div class=\"elementor-spacer-inner\"><\/div>\n\t\t<\/div>\n\t\t\t\t<\/div>\n\t\t\t\t<\/div>\n\t\t\t\t<div class=\"elementor-element elementor-element-ce4415d elementor-widget elementor-widget-heading\" data-id=\"ce4415d\" data-element_type=\"widget\" data-widget_type=\"heading.default\">\n\t\t\t\t<div class=\"elementor-widget-container\">\n\t\t\t<h2 class=\"elementor-heading-title elementor-size-default\">Solicita GRATIS tu servicio de radio por internet<\/h2>\t\t<\/div>\n\t\t\t\t<\/div>\n\t\t\t\t<div class=\"elementor-element elementor-element-5ad2293 elementor-widget elementor-widget-text-editor\" data-id=\"5ad2293\" data-element_type=\"widget\" data-widget_type=\"text-editor.default\">\n\t\t\t\t<div class=\"elementor-widget-container\">\n\t\t\t\t\t<div class=\"elementor-text-editor elementor-clearfix\"><p>Ahora, tienes la posibilidad de poder transmitir transmitir tu radio por Internet completamente GRATIS durante una semana completa para que puedas probar nuestros servicios y realizar todas las pruebas de calidad que creas necesarias<\/p><p style=\"text-align: center;\">\u00a1Comienza ahora mismo!<\/p><\/div>\n\t\t\t\t<\/div>\n\t\t\t\t<\/div>\n\t\t\t\t<div class=\"elementor-element elementor-element-840bb02 elementor-align-center elementor-widget elementor-widget-button\" data-id=\"840bb02\" data-element_type=\"widget\" data-widget_type=\"button.default\">\n\t\t\t\t<div class=\"elementor-widget-container\">\n\t\t\t\t\t<div class=\"elementor-button-wrapper\">\n\t\t\t<a href=\"http:\/\/clientes.netyco.com\/register.php?demo=yes&#038;currency=6\" class=\"elementor-button-link elementor-button elementor-size-lg\" role=\"button\">\n\t\t\t\t\t\t<span class=\"elementor-button-content-wrapper\">\n\t\t\t\t\t\t<span class=\"elementor-button-icon elementor-align-icon-left\">\n\t\t\t\t<i aria-hidden=\"true\" class=\"far fa-check-circle\"><\/i>\t\t\t<\/span>\n\t\t\t\t\t\t<span class=\"elementor-button-text\">Solicitar una prueba GRATIS de este servicio<\/span>\n\t\t<\/span>\n\t\t\t\t\t<\/a>\n\t\t<\/div>\n\t\t\t\t<\/div>\n\t\t\t\t<\/div>\n\t\t\t\t<section class=\"elementor-section elementor-inner-section elementor-element elementor-element-edd60ef elementor-section-boxed elementor-section-height-default elementor-section-height-default\" data-id=\"edd60ef\" data-element_type=\"section\">\n\t\t\t\t\t\t<div class=\"elementor-container elementor-column-gap-default\">\n\t\t\t\t\t\t\t<div class=\"elementor-row\">\n\t\t\t\t\t<div class=\"elementor-column elementor-col-100 elementor-inner-column elementor-element elementor-element-ee89bd7\" data-id=\"ee89bd7\" data-element_type=\"column\">\n\t\t\t<div class=\"elementor-column-wrap elementor-element-populated\">\n\t\t\t\t\t\t\t<div class=\"elementor-widget-wrap\">\n\t\t\t\t\t\t<div class=\"elementor-element elementor-element-f3e74a9 elementor-widget-divider--view-line elementor-widget elementor-widget-divider\" data-id=\"f3e74a9\" data-element_type=\"widget\" data-widget_type=\"divider.default\">\n\t\t\t\t<div class=\"elementor-widget-container\">\n\t\t\t\t\t<div class=\"elementor-divider\">\n\t\t\t<span class=\"elementor-divider-separator\">\n\t\t\t\t\t\t<\/span>\n\t\t<\/div>\n\t\t\t\t<\/div>\n\t\t\t\t<\/div>\n\t\t\t\t<div class=\"elementor-element elementor-element-6575fe1 elementor-widget elementor-widget-text-editor\" data-id=\"6575fe1\" data-element_type=\"widget\" data-widget_type=\"text-editor.default\">\n\t\t\t\t<div class=\"elementor-widget-container\">\n\t\t\t\t\t<div class=\"elementor-text-editor elementor-clearfix\">Muy importante<\/div>\n\t\t\t\t<\/div>\n\t\t\t\t<\/div>\n\t\t\t\t<div class=\"elementor-element elementor-element-01b3f8b elementor-widget elementor-widget-text-editor\" data-id=\"01b3f8b\" data-element_type=\"widget\" data-widget_type=\"text-editor.default\">\n\t\t\t\t<div class=\"elementor-widget-container\">\n\t\t\t\t\t<div class=\"elementor-text-editor elementor-clearfix\">Al solicitar la prueba, recuerda por favor revisar tu correo, en la carpeta de <strong>correo electr\u00f3nico no deseado<\/strong>\u00a0o en la carpeta de\u00a0<strong>SPAM.<\/strong><\/div>\n\t\t\t\t<\/div>\n\t\t\t\t<\/div>\n\t\t\t\t<div class=\"elementor-element elementor-element-e43b46c elementor-widget-divider--view-line elementor-widget elementor-widget-divider\" data-id=\"e43b46c\" data-element_type=\"widget\" data-widget_type=\"divider.default\">\n\t\t\t\t<div class=\"elementor-widget-container\">\n\t\t\t\t\t<div class=\"elementor-divider\">\n\t\t\t<span class=\"elementor-divider-separator\">\n\t\t\t\t\t\t<\/span>\n\t\t<\/div>\n\t\t\t\t<\/div>\n\t\t\t\t<\/div>\n\t\t\t\t\t\t<\/div>\n\t\t\t\t\t<\/div>\n\t\t<\/div>\n\t\t\t\t\t\t\t\t<\/div>\n\t\t\t\t\t<\/div>\n\t\t<\/section>\n\t\t\t\t<div class=\"elementor-element elementor-element-a6fcd7a elementor-widget elementor-widget-spacer\" data-id=\"a6fcd7a\" data-element_type=\"widget\" data-widget_type=\"spacer.default\">\n\t\t\t\t<div class=\"elementor-widget-container\">\n\t\t\t\t\t<div class=\"elementor-spacer\">\n\t\t\t<div class=\"elementor-spacer-inner\"><\/div>\n\t\t<\/div>\n\t\t\t\t<\/div>\n\t\t\t\t<\/div>\n\t\t\t\t\t\t<\/div>\n\t\t\t\t\t<\/div>\n\t\t<\/div>\n\t\t\t\t\t\t\t\t<\/div>\n\t\t\t\t\t<\/div>\n\t\t<\/section>\n\t\t\t\t<section class=\"elementor-section elementor-top-section elementor-element elementor-element-fb3e685 elementor-section-boxed elementor-section-height-default elementor-section-height-default\" data-id=\"fb3e685\" data-element_type=\"section\" data-settings=\"{&quot;background_background&quot;:&quot;classic&quot;}\">\n\t\t\t\t\t\t<div class=\"elementor-container elementor-column-gap-default\">\n\t\t\t\t\t\t\t<div class=\"elementor-row\">\n\t\t\t\t\t<div class=\"elementor-column elementor-col-100 elementor-top-column elementor-element elementor-element-600adee\" data-id=\"600adee\" data-element_type=\"column\">\n\t\t\t<div class=\"elementor-column-wrap elementor-element-populated\">\n\t\t\t\t\t\t\t<div class=\"elementor-widget-wrap\">\n\t\t\t\t\t\t<div class=\"elementor-element elementor-element-a8afa65 elementor-widget elementor-widget-spacer\" data-id=\"a8afa65\" data-element_type=\"widget\" data-widget_type=\"spacer.default\">\n\t\t\t\t<div class=\"elementor-widget-container\">\n\t\t\t\t\t<div class=\"elementor-spacer\">\n\t\t\t<div class=\"elementor-spacer-inner\"><\/div>\n\t\t<\/div>\n\t\t\t\t<\/div>\n\t\t\t\t<\/div>\n\t\t\t\t<div class=\"elementor-element elementor-element-35e0ae6 elementor-widget elementor-widget-heading\" data-id=\"35e0ae6\" data-element_type=\"widget\" data-widget_type=\"heading.default\">\n\t\t\t\t<div class=\"elementor-widget-container\">\n\t\t\t<h2 class=\"elementor-heading-title elementor-size-medium\">Limitaciones del servicio gratuito.<\/h2>\t\t<\/div>\n\t\t\t\t<\/div>\n\t\t\t\t<div class=\"elementor-element elementor-element-080fa16 elementor-widget elementor-widget-text-editor\" data-id=\"080fa16\" data-element_type=\"widget\" data-widget_type=\"text-editor.default\">\n\t\t\t\t<div class=\"elementor-widget-container\">\n\t\t\t\t\t<div class=\"elementor-text-editor elementor-clearfix\"><p>No tienen ninguna limitaci\u00f3n, sin embargo, en el servicio de prueba gratuita, solo se activa \u00fanicamente el servicio de radio por Internet, debido a que el objetivo es que puedas comenzar a transmitir hoy mismo y para que puedas realizar todas las pruebas de calidad que creas necesarias.<\/p><p>Una vez contratado el servicio (en caso que te decidas) se proceder\u00e1 a activar tu servicio de Alojamiento web, el registro de tu dominio, el servicio de AutoDJ y servicios relacionados para el plan que selecciones.<\/p><\/div>\n\t\t\t\t<\/div>\n\t\t\t\t<\/div>\n\t\t\t\t<div class=\"elementor-element elementor-element-c265b3b elementor-widget elementor-widget-spacer\" data-id=\"c265b3b\" data-element_type=\"widget\" data-widget_type=\"spacer.default\">\n\t\t\t\t<div class=\"elementor-widget-container\">\n\t\t\t\t\t<div class=\"elementor-spacer\">\n\t\t\t<div class=\"elementor-spacer-inner\"><\/div>\n\t\t<\/div>\n\t\t\t\t<\/div>\n\t\t\t\t<\/div>\n\t\t\t\t\t\t<\/div>\n\t\t\t\t\t<\/div>\n\t\t<\/div>\n\t\t\t\t\t\t\t\t<\/div>\n\t\t\t\t\t<\/div>\n\t\t<\/section>\n\t\t\t\t<section class=\"elementor-section elementor-top-section elementor-element elementor-element-ff24113 elementor-section-boxed elementor-section-height-default elementor-section-height-default\" data-id=\"ff24113\" data-element_type=\"section\" data-settings=\"{&quot;background_background&quot;:&quot;classic&quot;}\">\n\t\t\t\t\t\t<div class=\"elementor-container elementor-column-gap-default\">\n\t\t\t\t\t\t\t<div class=\"elementor-row\">\n\t\t\t\t\t<div class=\"elementor-column elementor-col-100 elementor-top-column elementor-element elementor-element-8aa2a3f\" data-id=\"8aa2a3f\" data-element_type=\"column\">\n\t\t\t<div class=\"elementor-column-wrap elementor-element-populated\">\n\t\t\t\t\t\t\t<div class=\"elementor-widget-wrap\">\n\t\t\t\t\t\t<div class=\"elementor-element elementor-element-d752da2 elementor-widget elementor-widget-spacer\" data-id=\"d752da2\" data-element_type=\"widget\" data-widget_type=\"spacer.default\">\n\t\t\t\t<div class=\"elementor-widget-container\">\n\t\t\t\t\t<div class=\"elementor-spacer\">\n\t\t\t<div class=\"elementor-spacer-inner\"><\/div>\n\t\t<\/div>\n\t\t\t\t<\/div>\n\t\t\t\t<\/div>\n\t\t\t\t<div class=\"elementor-element elementor-element-ab7f80d elementor-position-left elementor-vertical-align-middle elementor-widget elementor-widget-image-box\" data-id=\"ab7f80d\" data-element_type=\"widget\" data-widget_type=\"image-box.default\">\n\t\t\t\t<div class=\"elementor-widget-container\">\n\t\t\t<div class=\"elementor-image-box-wrapper\"><figure class=\"elementor-image-box-img\"><img width=\"128\" height=\"128\" src=\"https:\/\/netyco.com\/wp-content\/uploads\/2014\/01\/support-icon-1.png\" class=\"elementor-animation-grow attachment-medium size-medium\" alt=\"\" loading=\"lazy\" \/><\/figure><div class=\"elementor-image-box-content\"><h3 class=\"elementor-image-box-title\">Te ayudamos y asistimos en todo momento\u200b<\/h3><p class=\"elementor-image-box-description\">Ponemos a tu disposici\u00f3n personal capacitado, en diferentes horarios y durante las 24 horas del d\u00eda nuestra mesa de soporte t\u00e9cnico, para que te ayuden a configurar tu radio por Internet\u2026 solo tienes que dejar que te ayudemos, ya sea respondiendo a tus inquietudes o bien, configurando el servicio de radio completamente para ti\u2026 (en caso que no sepas como hacerlo)<\/p><\/div><\/div>\t\t<\/div>\n\t\t\t\t<\/div>\n\t\t\t\t<div class=\"elementor-element elementor-element-5dbfb4b elementor-widget elementor-widget-spacer\" data-id=\"5dbfb4b\" data-element_type=\"widget\" data-widget_type=\"spacer.default\">\n\t\t\t\t<div class=\"elementor-widget-container\">\n\t\t\t\t\t<div class=\"elementor-spacer\">\n\t\t\t<div class=\"elementor-spacer-inner\"><\/div>\n\t\t<\/div>\n\t\t\t\t<\/div>\n\t\t\t\t<\/div>\n\t\t\t\t\t\t<\/div>\n\t\t\t\t\t<\/div>\n\t\t<\/div>\n\t\t\t\t\t\t\t\t<\/div>\n\t\t\t\t\t<\/div>\n\t\t<\/section>\n\t\t\t\t\t\t<\/div>\n\t\t\t\t\t\t<\/div>\n\t\t\t\t\t<\/div>","protected":false},"excerpt":{"rendered":"<p>Solicita GRATIS tu servicio de radio por internet Ahora, tienes la posibilidad de poder transmitir transmitir tu radio por Internet completamente GRATIS durante una semana completa para que puedas probar nuestros servicios y realizar todas las pruebas de calidad que creas necesarias \u00a1Comienza ahora mismo! Solicitar una prueba GRATIS de este servicio Muy importanteAl solicitar [&hellip;]<\/p>","protected":false},"author":1,"featured_media":0,"parent":0,"menu_order":0,"comment_status":"closed","ping_status":"closed","template":"","meta":[],"_links":{"self":[{"href":"https:\/\/netyco.com\/es-cl\/wp-json\/wp\/v2\/pages\/20821"}],"collection":[{"href":"https:\/\/netyco.com\/es-cl\/wp-json\/wp\/v2\/pages"}],"about":[{"href":"https:\/\/netyco.com\/es-cl\/wp-json\/wp\/v2\/types\/page"}],"author":[{"embeddable":true,"href":"https:\/\/netyco.com\/es-cl\/wp-json\/wp\/v2\/users\/1"}],"replies":[{"embeddable":true,"href":"https:\/\/netyco.com\/es-cl\/wp-json\/wp\/v2\/comments?post=20821"}],"version-history":[{"count":118,"href":"https:\/\/netyco.com\/es-cl\/wp-json\/wp\/v2\/pages\/20821\/revisions"}],"predecessor-version":[{"id":22661,"href":"https:\/\/netyco.com\/es-cl\/wp-json\/wp\/v2\/pages\/20821\/revisions\/22661"}],"wp:attachment":[{"href":"https:\/\/netyco.com\/es-cl\/wp-json\/wp\/v2\/media?parent=20821"}],"curies":[{"name":"wp","href":"https:\/\/api.w.org\/{rel}","templated":true}]}}