{"id":20498,"date":"2021-01-23T13:31:55","date_gmt":"2021-01-23T13:31:55","guid":{"rendered":"https:\/\/netyco.com\/internacional\/?page_id=20498"},"modified":"2021-01-23T13:55:26","modified_gmt":"2021-01-23T13:55:26","slug":"nosotros","status":"publish","type":"page","link":"https:\/\/netyco.com\/es-pe\/nosotros\/","title":{"rendered":"nosotros"},"content":{"rendered":"<div data-elementor-type=\"wp-page\" data-elementor-id=\"20498\" class=\"elementor elementor-20498\" data-elementor-settings=\"[]\">\n\t\t\t\t\t\t<div class=\"elementor-inner\">\n\t\t\t\t\t\t\t<div class=\"elementor-section-wrap\">\n\t\t\t\t\t\t\t<section class=\"elementor-section elementor-top-section elementor-element elementor-element-4e1def7 elementor-section-boxed elementor-section-height-default elementor-section-height-default\" data-id=\"4e1def7\" data-element_type=\"section\">\n\t\t\t\t\t\t<div class=\"elementor-container elementor-column-gap-default\">\n\t\t\t\t\t\t\t<div class=\"elementor-row\">\n\t\t\t\t\t<div class=\"elementor-column elementor-col-100 elementor-top-column elementor-element elementor-element-fd88ce4\" data-id=\"fd88ce4\" data-element_type=\"column\">\n\t\t\t<div class=\"elementor-column-wrap elementor-element-populated\">\n\t\t\t\t\t\t\t<div class=\"elementor-widget-wrap\">\n\t\t\t\t\t\t<div class=\"elementor-element elementor-element-c33b9f9 elementor-widget elementor-widget-spacer\" data-id=\"c33b9f9\" data-element_type=\"widget\" data-widget_type=\"spacer.default\">\n\t\t\t\t<div class=\"elementor-widget-container\">\n\t\t\t\t\t<div class=\"elementor-spacer\">\n\t\t\t<div class=\"elementor-spacer-inner\"><\/div>\n\t\t<\/div>\n\t\t\t\t<\/div>\n\t\t\t\t<\/div>\n\t\t\t\t<div class=\"elementor-element elementor-element-81c32b1 elementor-widget elementor-widget-heading\" data-id=\"81c32b1\" data-element_type=\"widget\" data-widget_type=\"heading.default\">\n\t\t\t\t<div class=\"elementor-widget-container\">\n\t\t\t<h2 class=\"elementor-heading-title elementor-size-default\">Acerca de nosotros<\/h2>\t\t<\/div>\n\t\t\t\t<\/div>\n\t\t\t\t<div class=\"elementor-element elementor-element-2713ff5 elementor-widget elementor-widget-spacer\" data-id=\"2713ff5\" data-element_type=\"widget\" data-widget_type=\"spacer.default\">\n\t\t\t\t<div class=\"elementor-widget-container\">\n\t\t\t\t\t<div class=\"elementor-spacer\">\n\t\t\t<div class=\"elementor-spacer-inner\"><\/div>\n\t\t<\/div>\n\t\t\t\t<\/div>\n\t\t\t\t<\/div>\n\t\t\t\t<div class=\"elementor-element elementor-element-f29b768 elementor-widget elementor-widget-text-editor\" data-id=\"f29b768\" data-element_type=\"widget\" data-widget_type=\"text-editor.default\">\n\t\t\t\t<div class=\"elementor-widget-container\">\n\t\t\t\t\t<div class=\"elementor-text-editor elementor-clearfix\"><p>En Netyco poseemos un equipo t\u00e9cnico altamente calificado formado por dise\u00f1adores gr\u00e1ficos y programadores especializados en el desarrollo de soluciones basadas en la Web.<\/p><p style=\"text-align: center;\">Es objetivo principal acompa\u00f1ar y asesorar en todo lo que necesite para que su proyecto digital no fracase.<\/p><p>M\u00e1s all\u00e1 de nuestros conocimientos especializados est\u00e1n nuestros principios de honestidad, respeto, calidad y compromiso por medio de los cuales sentamos las bases de nuestra empresa a fin de que ninguno de nuestros clientes se sienta defraudado con nosotros, logrando de esta manera un clima de buena comunicaci\u00f3n que es la base fundamental para el \u00e9xito de su emprendimiento digital!<\/p><\/div>\n\t\t\t\t<\/div>\n\t\t\t\t<\/div>\n\t\t\t\t<div class=\"elementor-element elementor-element-d79273f elementor-widget elementor-widget-spacer\" data-id=\"d79273f\" data-element_type=\"widget\" data-widget_type=\"spacer.default\">\n\t\t\t\t<div class=\"elementor-widget-container\">\n\t\t\t\t\t<div class=\"elementor-spacer\">\n\t\t\t<div class=\"elementor-spacer-inner\"><\/div>\n\t\t<\/div>\n\t\t\t\t<\/div>\n\t\t\t\t<\/div>\n\t\t\t\t\t\t<\/div>\n\t\t\t\t\t<\/div>\n\t\t<\/div>\n\t\t\t\t\t\t\t\t<\/div>\n\t\t\t\t\t<\/div>\n\t\t<\/section>\n\t\t\t\t<section class=\"elementor-section elementor-top-section elementor-element elementor-element-e48bc37 elementor-section-boxed elementor-section-height-default elementor-section-height-default\" data-id=\"e48bc37\" data-element_type=\"section\" data-settings=\"{&quot;background_background&quot;:&quot;classic&quot;}\">\n\t\t\t\t\t\t<div class=\"elementor-container elementor-column-gap-default\">\n\t\t\t\t\t\t\t<div class=\"elementor-row\">\n\t\t\t\t\t<div class=\"elementor-column elementor-col-100 elementor-top-column elementor-element elementor-element-8b431ca\" data-id=\"8b431ca\" data-element_type=\"column\" data-settings=\"{&quot;background_background&quot;:&quot;classic&quot;}\">\n\t\t\t<div class=\"elementor-column-wrap elementor-element-populated\">\n\t\t\t\t\t\t\t<div class=\"elementor-widget-wrap\">\n\t\t\t\t\t\t<div class=\"elementor-element elementor-element-5c88002 elementor-widget elementor-widget-spacer\" data-id=\"5c88002\" data-element_type=\"widget\" data-widget_type=\"spacer.default\">\n\t\t\t\t<div class=\"elementor-widget-container\">\n\t\t\t\t\t<div class=\"elementor-spacer\">\n\t\t\t<div class=\"elementor-spacer-inner\"><\/div>\n\t\t<\/div>\n\t\t\t\t<\/div>\n\t\t\t\t<\/div>\n\t\t\t\t<div class=\"elementor-element elementor-element-31df20b elementor-widget elementor-widget-heading\" data-id=\"31df20b\" data-element_type=\"widget\" data-widget_type=\"heading.default\">\n\t\t\t\t<div class=\"elementor-widget-container\">\n\t\t\t<h2 class=\"elementor-heading-title elementor-size-default\">M\u00e1s de 15 a\u00f1os ofreciendo servicios de calidad!<\/h2>\t\t<\/div>\n\t\t\t\t<\/div>\n\t\t\t\t<div class=\"elementor-element elementor-element-ae51a66 elementor-widget elementor-widget-spacer\" data-id=\"ae51a66\" data-element_type=\"widget\" data-widget_type=\"spacer.default\">\n\t\t\t\t<div class=\"elementor-widget-container\">\n\t\t\t\t\t<div class=\"elementor-spacer\">\n\t\t\t<div class=\"elementor-spacer-inner\"><\/div>\n\t\t<\/div>\n\t\t\t\t<\/div>\n\t\t\t\t<\/div>\n\t\t\t\t\t\t<\/div>\n\t\t\t\t\t<\/div>\n\t\t<\/div>\n\t\t\t\t\t\t\t\t<\/div>\n\t\t\t\t\t<\/div>\n\t\t<\/section>\n\t\t\t\t<section class=\"elementor-section elementor-top-section elementor-element elementor-element-62ffc45 elementor-section-boxed elementor-section-height-default elementor-section-height-default\" data-id=\"62ffc45\" data-element_type=\"section\">\n\t\t\t\t\t\t<div class=\"elementor-container elementor-column-gap-default\">\n\t\t\t\t\t\t\t<div class=\"elementor-row\">\n\t\t\t\t\t<div class=\"elementor-column elementor-col-100 elementor-top-column elementor-element elementor-element-85fac4d\" data-id=\"85fac4d\" data-element_type=\"column\">\n\t\t\t<div class=\"elementor-column-wrap elementor-element-populated\">\n\t\t\t\t\t\t\t<div class=\"elementor-widget-wrap\">\n\t\t\t\t\t\t<div class=\"elementor-element elementor-element-135fcbe elementor-widget elementor-widget-spacer\" data-id=\"135fcbe\" data-element_type=\"widget\" data-widget_type=\"spacer.default\">\n\t\t\t\t<div class=\"elementor-widget-container\">\n\t\t\t\t\t<div class=\"elementor-spacer\">\n\t\t\t<div class=\"elementor-spacer-inner\"><\/div>\n\t\t<\/div>\n\t\t\t\t<\/div>\n\t\t\t\t<\/div>\n\t\t\t\t\t\t<\/div>\n\t\t\t\t\t<\/div>\n\t\t<\/div>\n\t\t\t\t\t\t\t\t<\/div>\n\t\t\t\t\t<\/div>\n\t\t<\/section>\n\t\t\t\t<section class=\"elementor-section elementor-top-section elementor-element elementor-element-5d0755b elementor-section-boxed elementor-section-height-default elementor-section-height-default\" data-id=\"5d0755b\" data-element_type=\"section\">\n\t\t\t\t\t\t<div class=\"elementor-container elementor-column-gap-default\">\n\t\t\t\t\t\t\t<div class=\"elementor-row\">\n\t\t\t\t\t<div class=\"elementor-column elementor-col-50 elementor-top-column elementor-element elementor-element-d1162d0\" data-id=\"d1162d0\" data-element_type=\"column\">\n\t\t\t<div class=\"elementor-column-wrap elementor-element-populated\">\n\t\t\t\t\t\t\t<div class=\"elementor-widget-wrap\">\n\t\t\t\t\t\t<div class=\"elementor-element elementor-element-f4a7a3a elementor-widget elementor-widget-image\" data-id=\"f4a7a3a\" data-element_type=\"widget\" data-widget_type=\"image.default\">\n\t\t\t\t<div class=\"elementor-widget-container\">\n\t\t\t\t\t<div class=\"elementor-image\">\n\t\t\t\t\t\t\t\t\t\t<img width=\"300\" height=\"300\" src=\"https:\/\/netyco.com\/wp-content\/uploads\/2021\/01\/vision-300x300.png\" class=\"attachment-medium size-medium\" alt=\"\" loading=\"lazy\" srcset=\"https:\/\/netyco.com\/wp-content\/uploads\/2021\/01\/vision-300x300.png 300w, https:\/\/netyco.com\/wp-content\/uploads\/2021\/01\/vision-150x150.png 150w, https:\/\/netyco.com\/wp-content\/uploads\/2021\/01\/vision.png 400w\" sizes=\"(max-width: 300px) 100vw, 300px\" \/>\t\t\t\t\t\t\t\t\t\t\t<\/div>\n\t\t\t\t<\/div>\n\t\t\t\t<\/div>\n\t\t\t\t\t\t<\/div>\n\t\t\t\t\t<\/div>\n\t\t<\/div>\n\t\t\t\t<div class=\"elementor-column elementor-col-50 elementor-top-column elementor-element elementor-element-f74b28f\" data-id=\"f74b28f\" data-element_type=\"column\">\n\t\t\t<div class=\"elementor-column-wrap elementor-element-populated\">\n\t\t\t\t\t\t\t<div class=\"elementor-widget-wrap\">\n\t\t\t\t\t\t<div class=\"elementor-element elementor-element-21bcf36 elementor-widget elementor-widget-heading\" data-id=\"21bcf36\" data-element_type=\"widget\" data-widget_type=\"heading.default\">\n\t\t\t\t<div class=\"elementor-widget-container\">\n\t\t\t<h2 class=\"elementor-heading-title elementor-size-default\">Nuestra visi\u00f3n<\/h2>\t\t<\/div>\n\t\t\t\t<\/div>\n\t\t\t\t<div class=\"elementor-element elementor-element-9c308ea elementor-widget elementor-widget-text-editor\" data-id=\"9c308ea\" data-element_type=\"widget\" data-widget_type=\"text-editor.default\">\n\t\t\t\t<div class=\"elementor-widget-container\">\n\t\t\t\t\t<div class=\"elementor-text-editor elementor-clearfix\">Ser la empresa l\u00edder en servicios Web Hosting que se desarrolle de forma confiable, segura, s\u00f3lida, flexible y rentable, construyendo el cambio en la era del conocimiento, con la audacia y calidad humana de nuestro equipo, con una gesti\u00f3n que se anticipe y adapte al cambio, aprenda de la experiencia e innove permanentemente.<\/div>\n\t\t\t\t<\/div>\n\t\t\t\t<\/div>\n\t\t\t\t\t\t<\/div>\n\t\t\t\t\t<\/div>\n\t\t<\/div>\n\t\t\t\t\t\t\t\t<\/div>\n\t\t\t\t\t<\/div>\n\t\t<\/section>\n\t\t\t\t<section class=\"elementor-section elementor-top-section elementor-element elementor-element-06df7b3 elementor-section-boxed elementor-section-height-default elementor-section-height-default\" data-id=\"06df7b3\" data-element_type=\"section\">\n\t\t\t\t\t\t<div class=\"elementor-container elementor-column-gap-default\">\n\t\t\t\t\t\t\t<div class=\"elementor-row\">\n\t\t\t\t\t<div class=\"elementor-column elementor-col-50 elementor-top-column elementor-element elementor-element-0b1fe21\" data-id=\"0b1fe21\" data-element_type=\"column\">\n\t\t\t<div class=\"elementor-column-wrap elementor-element-populated\">\n\t\t\t\t\t\t\t<div class=\"elementor-widget-wrap\">\n\t\t\t\t\t\t<div class=\"elementor-element elementor-element-0ea9266 elementor-widget elementor-widget-heading\" data-id=\"0ea9266\" data-element_type=\"widget\" data-widget_type=\"heading.default\">\n\t\t\t\t<div class=\"elementor-widget-container\">\n\t\t\t<h2 class=\"elementor-heading-title elementor-size-default\">Nuestra misi\u00f3n<\/h2>\t\t<\/div>\n\t\t\t\t<\/div>\n\t\t\t\t<div class=\"elementor-element elementor-element-480241c elementor-widget elementor-widget-text-editor\" data-id=\"480241c\" data-element_type=\"widget\" data-widget_type=\"text-editor.default\">\n\t\t\t\t<div class=\"elementor-widget-container\">\n\t\t\t\t\t<div class=\"elementor-text-editor elementor-clearfix\">Nuestra misi\u00f3n es la de poder brindar un servicio de calidad a nuestros clientes, con asistencia y asesoramiento personalizado, ofreciendo siempre un trato cordial, con respuestas r\u00e1pidas y soluciones inmediatas.<\/div>\n\t\t\t\t<\/div>\n\t\t\t\t<\/div>\n\t\t\t\t\t\t<\/div>\n\t\t\t\t\t<\/div>\n\t\t<\/div>\n\t\t\t\t<div class=\"elementor-column elementor-col-50 elementor-top-column elementor-element elementor-element-a7b0de3\" data-id=\"a7b0de3\" data-element_type=\"column\">\n\t\t\t<div class=\"elementor-column-wrap elementor-element-populated\">\n\t\t\t\t\t\t\t<div class=\"elementor-widget-wrap\">\n\t\t\t\t\t\t<div class=\"elementor-element elementor-element-b4fc5fe elementor-widget elementor-widget-image\" data-id=\"b4fc5fe\" data-element_type=\"widget\" data-widget_type=\"image.default\">\n\t\t\t\t<div class=\"elementor-widget-container\">\n\t\t\t\t\t<div class=\"elementor-image\">\n\t\t\t\t\t\t\t\t\t\t<img width=\"243\" height=\"300\" src=\"https:\/\/netyco.com\/wp-content\/uploads\/2021\/01\/mision-243x300.png\" class=\"attachment-medium size-medium\" alt=\"\" loading=\"lazy\" srcset=\"https:\/\/netyco.com\/wp-content\/uploads\/2021\/01\/mision-243x300.png 243w, https:\/\/netyco.com\/wp-content\/uploads\/2021\/01\/mision.png 308w\" sizes=\"(max-width: 243px) 100vw, 243px\" \/>\t\t\t\t\t\t\t\t\t\t\t<\/div>\n\t\t\t\t<\/div>\n\t\t\t\t<\/div>\n\t\t\t\t\t\t<\/div>\n\t\t\t\t\t<\/div>\n\t\t<\/div>\n\t\t\t\t\t\t\t\t<\/div>\n\t\t\t\t\t<\/div>\n\t\t<\/section>\n\t\t\t\t\t\t<\/div>\n\t\t\t\t\t\t<\/div>\n\t\t\t\t\t<\/div>","protected":false},"excerpt":{"rendered":"<p>Acerca de nosotros En Netyco poseemos un equipo t\u00e9cnico altamente calificado formado por dise\u00f1adores gr\u00e1ficos y programadores especializados en el desarrollo de soluciones basadas en la Web. Es objetivo principal acompa\u00f1ar y asesorar en todo lo que necesite para que su proyecto digital no fracase. M\u00e1s all\u00e1 de nuestros conocimientos especializados est\u00e1n nuestros principios de [&hellip;]<\/p>","protected":false},"author":1,"featured_media":0,"parent":0,"menu_order":0,"comment_status":"closed","ping_status":"closed","template":"","meta":[],"_links":{"self":[{"href":"https:\/\/netyco.com\/es-pe\/wp-json\/wp\/v2\/pages\/20498"}],"collection":[{"href":"https:\/\/netyco.com\/es-pe\/wp-json\/wp\/v2\/pages"}],"about":[{"href":"https:\/\/netyco.com\/es-pe\/wp-json\/wp\/v2\/types\/page"}],"author":[{"embeddable":true,"href":"https:\/\/netyco.com\/es-pe\/wp-json\/wp\/v2\/users\/1"}],"replies":[{"embeddable":true,"href":"https:\/\/netyco.com\/es-pe\/wp-json\/wp\/v2\/comments?post=20498"}],"version-history":[{"count":34,"href":"https:\/\/netyco.com\/es-pe\/wp-json\/wp\/v2\/pages\/20498\/revisions"}],"predecessor-version":[{"id":20534,"href":"https:\/\/netyco.com\/es-pe\/wp-json\/wp\/v2\/pages\/20498\/revisions\/20534"}],"wp:attachment":[{"href":"https:\/\/netyco.com\/es-pe\/wp-json\/wp\/v2\/media?parent=20498"}],"curies":[{"name":"wp","href":"https:\/\/api.w.org\/{rel}","templated":true}]}}