{"id":20934,"date":"2021-01-24T15:34:58","date_gmt":"2021-01-24T15:34:58","guid":{"rendered":"https:\/\/netyco.com\/internacional\/?page_id=20934"},"modified":"2021-02-03T13:43:56","modified_gmt":"2021-02-03T13:43:56","slug":"generador-de-codigo-html-radio-online","status":"publish","type":"page","link":"https:\/\/netyco.com\/es-pe\/generador-de-codigo-html-radio-online\/","title":{"rendered":"Generador de c\u00f3digo HTML radio Online"},"content":{"rendered":"<div data-elementor-type=\"wp-page\" data-elementor-id=\"20934\" class=\"elementor elementor-20934\" data-elementor-settings=\"[]\">\n\t\t\t\t\t\t<div class=\"elementor-inner\">\n\t\t\t\t\t\t\t<div class=\"elementor-section-wrap\">\n\t\t\t\t\t\t\t<section class=\"elementor-section elementor-top-section elementor-element elementor-element-9e253a2 elementor-section-boxed elementor-section-height-default elementor-section-height-default\" data-id=\"9e253a2\" data-element_type=\"section\">\n\t\t\t\t\t\t<div class=\"elementor-container elementor-column-gap-default\">\n\t\t\t\t\t\t\t<div class=\"elementor-row\">\n\t\t\t\t\t<div class=\"elementor-column elementor-col-100 elementor-top-column elementor-element elementor-element-006d380\" data-id=\"006d380\" data-element_type=\"column\">\n\t\t\t<div class=\"elementor-column-wrap elementor-element-populated\">\n\t\t\t\t\t\t\t<div class=\"elementor-widget-wrap\">\n\t\t\t\t\t\t<div class=\"elementor-element elementor-element-5058ee4 elementor-widget elementor-widget-spacer\" data-id=\"5058ee4\" data-element_type=\"widget\" data-widget_type=\"spacer.default\">\n\t\t\t\t<div class=\"elementor-widget-container\">\n\t\t\t\t\t<div class=\"elementor-spacer\">\n\t\t\t<div class=\"elementor-spacer-inner\"><\/div>\n\t\t<\/div>\n\t\t\t\t<\/div>\n\t\t\t\t<\/div>\n\t\t\t\t<div class=\"elementor-element elementor-element-77ac67d elementor-widget elementor-widget-heading\" data-id=\"77ac67d\" data-element_type=\"widget\" data-widget_type=\"heading.default\">\n\t\t\t\t<div class=\"elementor-widget-container\">\n\t\t\t<h2 class=\"elementor-heading-title elementor-size-default\">Reproductor HTML 5 para radio Online<\/h2>\t\t<\/div>\n\t\t\t\t<\/div>\n\t\t\t\t<div class=\"elementor-element elementor-element-66b03eb elementor-widget elementor-widget-text-editor\" data-id=\"66b03eb\" data-element_type=\"widget\" data-widget_type=\"text-editor.default\">\n\t\t\t\t<div class=\"elementor-widget-container\">\n\t\t\t\t\t<div class=\"elementor-text-editor elementor-clearfix\"><p>Utiliza GRATIS nuestros reproductores HTML5.<\/p><p>Coloc\u00e1 los datos de tu radio en el formulario y generar\u00e1 el c\u00f3digo HTML para pegarlo en tu p\u00e1gina web.<\/p><\/div>\n\t\t\t\t<\/div>\n\t\t\t\t<\/div>\n\t\t\t\t<div class=\"elementor-element elementor-element-9c7d7f7 elementor-align-center elementor-widget elementor-widget-button\" data-id=\"9c7d7f7\" data-element_type=\"widget\" data-widget_type=\"button.default\">\n\t\t\t\t<div class=\"elementor-widget-container\">\n\t\t\t\t\t<div class=\"elementor-button-wrapper\">\n\t\t\t<a href=\"https:\/\/netyco.com\/es-pe\/generador-de-codigo-html-radio-online\/\" class=\"elementor-button-link elementor-button elementor-size-sm\" role=\"button\">\n\t\t\t\t\t\t<span class=\"elementor-button-content-wrapper\">\n\t\t\t\t\t\t<span class=\"elementor-button-icon elementor-align-icon-left\">\n\t\t\t\t<i aria-hidden=\"true\" class=\"fas fa-hand-point-right\"><\/i>\t\t\t<\/span>\n\t\t\t\t\t\t<span class=\"elementor-button-text\">Obt\u00e9n una cuenta demo de radio GRATIS <\/span>\n\t\t<\/span>\n\t\t\t\t\t<\/a>\n\t\t<\/div>\n\t\t\t\t<\/div>\n\t\t\t\t<\/div>\n\t\t\t\t\t\t<\/div>\n\t\t\t\t\t<\/div>\n\t\t<\/div>\n\t\t\t\t\t\t\t\t<\/div>\n\t\t\t\t\t<\/div>\n\t\t<\/section>\n\t\t\t\t<section class=\"elementor-section elementor-top-section elementor-element elementor-element-279673f elementor-section-full_width elementor-section-height-default elementor-section-height-default\" data-id=\"279673f\" data-element_type=\"section\">\n\t\t\t\t\t\t<div class=\"elementor-container elementor-column-gap-default\">\n\t\t\t\t\t\t\t<div class=\"elementor-row\">\n\t\t\t\t\t<div class=\"elementor-column elementor-col-100 elementor-top-column elementor-element elementor-element-e33da38\" data-id=\"e33da38\" data-element_type=\"column\">\n\t\t\t<div class=\"elementor-column-wrap elementor-element-populated\">\n\t\t\t\t\t\t\t<div class=\"elementor-widget-wrap\">\n\t\t\t\t\t\t<div class=\"elementor-element elementor-element-e6330c4 elementor-widget elementor-widget-html\" data-id=\"e6330c4\" data-element_type=\"widget\" data-widget_type=\"html.default\">\n\t\t\t\t<div class=\"elementor-widget-container\">\n\t\t\t<style>\n    html, body, iframe {\n      width: 100%;\n      height: 100%;\n      margin: 0;\n      padding: 0;\n      }\n      \n      iframe{\n      position: relative;\n      height: 100%;\n      }\n      \n  <\/style>\n  \n\n<iframe style='height:900px; width: 100%;' src=\"https:\/\/www.netyco.com\/radio-x-internet\/generador-codigoHTMLv2.php\" frameborder=\"0\" allowfullscreen><\/iframe>\n\t\t<\/div>\n\t\t\t\t<\/div>\n\t\t\t\t\t\t<\/div>\n\t\t\t\t\t<\/div>\n\t\t<\/div>\n\t\t\t\t\t\t\t\t<\/div>\n\t\t\t\t\t<\/div>\n\t\t<\/section>\n\t\t\t\t\t\t<\/div>\n\t\t\t\t\t\t<\/div>\n\t\t\t\t\t<\/div>","protected":false},"excerpt":{"rendered":"<p>Reproductor HTML 5 para radio Online Utiliza GRATIS nuestros reproductores HTML5. Coloc\u00e1 los datos de tu radio en el formulario y generar\u00e1 el c\u00f3digo HTML para pegarlo en tu p\u00e1gina web. Obt\u00e9n una cuenta demo de radio GRATIS<\/p>","protected":false},"author":1,"featured_media":0,"parent":0,"menu_order":0,"comment_status":"closed","ping_status":"closed","template":"","meta":[],"_links":{"self":[{"href":"https:\/\/netyco.com\/es-pe\/wp-json\/wp\/v2\/pages\/20934"}],"collection":[{"href":"https:\/\/netyco.com\/es-pe\/wp-json\/wp\/v2\/pages"}],"about":[{"href":"https:\/\/netyco.com\/es-pe\/wp-json\/wp\/v2\/types\/page"}],"author":[{"embeddable":true,"href":"https:\/\/netyco.com\/es-pe\/wp-json\/wp\/v2\/users\/1"}],"replies":[{"embeddable":true,"href":"https:\/\/netyco.com\/es-pe\/wp-json\/wp\/v2\/comments?post=20934"}],"version-history":[{"count":70,"href":"https:\/\/netyco.com\/es-pe\/wp-json\/wp\/v2\/pages\/20934\/revisions"}],"predecessor-version":[{"id":22718,"href":"https:\/\/netyco.com\/es-pe\/wp-json\/wp\/v2\/pages\/20934\/revisions\/22718"}],"wp:attachment":[{"href":"https:\/\/netyco.com\/es-pe\/wp-json\/wp\/v2\/media?parent=20934"}],"curies":[{"name":"wp","href":"https:\/\/api.w.org\/{rel}","templated":true}]}}